{"id":3048,"date":"2023-05-16T23:09:38","date_gmt":"2023-05-16T22:09:38","guid":{"rendered":"https:\/\/luisapacheco.pt\/?page_id=3048"},"modified":"2023-05-26T13:52:11","modified_gmt":"2023-05-26T12:52:11","slug":"nfts","status":"publish","type":"page","link":"https:\/\/luisapacheco.pt\/pt-pt\/nfts\/","title":{"rendered":"NFTS"},"content":{"rendered":"","protected":false},"excerpt":{"rendered":"","protected":false},"author":1,"featured_media":0,"parent":0,"menu_order":0,"comment_status":"closed","ping_status":"closed","template":"","meta":{"_acf_changed":false,"footnotes":""},"class_list":["post-3048","page","type-page","status-publish","hentry"],"acf":[],"yoast_head":"<!-- This site is optimized with the Yoast SEO plugin v22.8 - https:\/\/yoast.com\/wordpress\/plugins\/seo\/ -->\n<title>NFTS | Luisa Pacheco Design<\/title>\n<meta name=\"description\" content=\"D ZZYS are portraits of our future toys, a cross between memories of what was and what may be and a dance in moments of dizziness within our lives.\" \/>\n<meta name=\"robots\" content=\"index, follow, max-snippet:-1, max-image-preview:large, max-video-preview:-1\" \/>\n<link rel=\"canonical\" href=\"https:\/\/luisapacheco.pt\/pt-pt\/nfts\/\" \/>\n<meta property=\"og:locale\" content=\"pt_PT\" \/>\n<meta property=\"og:type\" content=\"article\" \/>\n<meta property=\"og:title\" content=\"NFTS | Luisa Pacheco Design\" \/>\n<meta property=\"og:description\" content=\"D ZZYS are portraits of our future toys, a cross between memories of what was and what may be and a dance in moments of dizziness within our lives.\" \/>\n<meta property=\"og:url\" content=\"https:\/\/luisapacheco.pt\/pt-pt\/nfts\/\" \/>\n<meta property=\"og:site_name\" content=\"Luisa Pacheco Design\" \/>\n<meta property=\"article:modified_time\" content=\"2023-05-26T12:52:11+00:00\" \/>\n<meta name=\"twitter:card\" content=\"summary_large_image\" \/>\n<script type=\"application\/ld+json\" class=\"yoast-schema-graph\">{\"@context\":\"https:\/\/schema.org\",\"@graph\":[{\"@type\":\"WebPage\",\"@id\":\"https:\/\/luisapacheco.pt\/pt-pt\/nfts\/\",\"url\":\"https:\/\/luisapacheco.pt\/pt-pt\/nfts\/\",\"name\":\"NFTS | Luisa Pacheco Design\",\"isPartOf\":{\"@id\":\"https:\/\/luisapacheco.pt\/pt-pt\/#website\"},\"datePublished\":\"2023-05-16T22:09:38+00:00\",\"dateModified\":\"2023-05-26T12:52:11+00:00\",\"description\":\"D ZZYS are portraits of our future toys, a cross between memories of what was and what may be and a dance in moments of dizziness within our lives.\",\"breadcrumb\":{\"@id\":\"https:\/\/luisapacheco.pt\/pt-pt\/nfts\/#breadcrumb\"},\"inLanguage\":\"pt-PT\",\"potentialAction\":[{\"@type\":\"ReadAction\",\"target\":[\"https:\/\/luisapacheco.pt\/pt-pt\/nfts\/\"]}]},{\"@type\":\"BreadcrumbList\",\"@id\":\"https:\/\/luisapacheco.pt\/pt-pt\/nfts\/#breadcrumb\",\"itemListElement\":[{\"@type\":\"ListItem\",\"position\":1,\"name\":\"Home\",\"item\":\"https:\/\/luisapacheco.pt\/pt-pt\/\"},{\"@type\":\"ListItem\",\"position\":2,\"name\":\"NFTS\"}]},{\"@type\":\"WebSite\",\"@id\":\"https:\/\/luisapacheco.pt\/pt-pt\/#website\",\"url\":\"https:\/\/luisapacheco.pt\/pt-pt\/\",\"name\":\"Luisa Pacheco Design\",\"description\":\"Design de produ\u00e7\u00e3o, direc\u00e7\u00e3o de arte, cenografia e projetos visuais\",\"publisher\":{\"@id\":\"https:\/\/luisapacheco.pt\/pt-pt\/#\/schema\/person\/794f961dc515fcec47fa628e638a8034\"},\"potentialAction\":[{\"@type\":\"SearchAction\",\"target\":{\"@type\":\"EntryPoint\",\"urlTemplate\":\"https:\/\/luisapacheco.pt\/pt-pt\/?s={search_term_string}\"},\"query-input\":\"required name=search_term_string\"}],\"inLanguage\":\"pt-PT\"},{\"@type\":[\"Person\",\"Organization\"],\"@id\":\"https:\/\/luisapacheco.pt\/pt-pt\/#\/schema\/person\/794f961dc515fcec47fa628e638a8034\",\"name\":\"luisapac\",\"image\":{\"@type\":\"ImageObject\",\"inLanguage\":\"pt-PT\",\"@id\":\"https:\/\/luisapacheco.pt\/pt-pt\/#\/schema\/person\/image\/\",\"url\":\"https:\/\/secure.gravatar.com\/avatar\/c53a96b87f331ae6ab440c25dbe3e2f6306522f2cbd9932e1e1e04dfc7154630?s=96&d=mm&r=g\",\"contentUrl\":\"https:\/\/secure.gravatar.com\/avatar\/c53a96b87f331ae6ab440c25dbe3e2f6306522f2cbd9932e1e1e04dfc7154630?s=96&d=mm&r=g\",\"caption\":\"luisapac\"},\"logo\":{\"@id\":\"https:\/\/luisapacheco.pt\/pt-pt\/#\/schema\/person\/image\/\"}}]}<\/script>\n<!-- \/ Yoast SEO plugin. -->","yoast_head_json":{"title":"NFTS | Luisa Pacheco Design","description":"D ZZYS are portraits of our future toys, a cross between memories of what was and what may be and a dance in moments of dizziness within our lives.","robots":{"index":"index","follow":"follow","max-snippet":"max-snippet:-1","max-image-preview":"max-image-preview:large","max-video-preview":"max-video-preview:-1"},"canonical":"https:\/\/luisapacheco.pt\/pt-pt\/nfts\/","og_locale":"pt_PT","og_type":"article","og_title":"NFTS | Luisa Pacheco Design","og_description":"D ZZYS are portraits of our future toys, a cross between memories of what was and what may be and a dance in moments of dizziness within our lives.","og_url":"https:\/\/luisapacheco.pt\/pt-pt\/nfts\/","og_site_name":"Luisa Pacheco Design","article_modified_time":"2023-05-26T12:52:11+00:00","twitter_card":"summary_large_image","schema":{"@context":"https:\/\/schema.org","@graph":[{"@type":"WebPage","@id":"https:\/\/luisapacheco.pt\/pt-pt\/nfts\/","url":"https:\/\/luisapacheco.pt\/pt-pt\/nfts\/","name":"NFTS | Luisa Pacheco Design","isPartOf":{"@id":"https:\/\/luisapacheco.pt\/pt-pt\/#website"},"datePublished":"2023-05-16T22:09:38+00:00","dateModified":"2023-05-26T12:52:11+00:00","description":"D ZZYS are portraits of our future toys, a cross between memories of what was and what may be and a dance in moments of dizziness within our lives.","breadcrumb":{"@id":"https:\/\/luisapacheco.pt\/pt-pt\/nfts\/#breadcrumb"},"inLanguage":"pt-PT","potentialAction":[{"@type":"ReadAction","target":["https:\/\/luisapacheco.pt\/pt-pt\/nfts\/"]}]},{"@type":"BreadcrumbList","@id":"https:\/\/luisapacheco.pt\/pt-pt\/nfts\/#breadcrumb","itemListElement":[{"@type":"ListItem","position":1,"name":"Home","item":"https:\/\/luisapacheco.pt\/pt-pt\/"},{"@type":"ListItem","position":2,"name":"NFTS"}]},{"@type":"WebSite","@id":"https:\/\/luisapacheco.pt\/pt-pt\/#website","url":"https:\/\/luisapacheco.pt\/pt-pt\/","name":"Luisa Pacheco Design","description":"Design de produ\u00e7\u00e3o, direc\u00e7\u00e3o de arte, cenografia e projetos visuais","publisher":{"@id":"https:\/\/luisapacheco.pt\/pt-pt\/#\/schema\/person\/794f961dc515fcec47fa628e638a8034"},"potentialAction":[{"@type":"SearchAction","target":{"@type":"EntryPoint","urlTemplate":"https:\/\/luisapacheco.pt\/pt-pt\/?s={search_term_string}"},"query-input":"required name=search_term_string"}],"inLanguage":"pt-PT"},{"@type":["Person","Organization"],"@id":"https:\/\/luisapacheco.pt\/pt-pt\/#\/schema\/person\/794f961dc515fcec47fa628e638a8034","name":"luisapac","image":{"@type":"ImageObject","inLanguage":"pt-PT","@id":"https:\/\/luisapacheco.pt\/pt-pt\/#\/schema\/person\/image\/","url":"https:\/\/secure.gravatar.com\/avatar\/c53a96b87f331ae6ab440c25dbe3e2f6306522f2cbd9932e1e1e04dfc7154630?s=96&d=mm&r=g","contentUrl":"https:\/\/secure.gravatar.com\/avatar\/c53a96b87f331ae6ab440c25dbe3e2f6306522f2cbd9932e1e1e04dfc7154630?s=96&d=mm&r=g","caption":"luisapac"},"logo":{"@id":"https:\/\/luisapacheco.pt\/pt-pt\/#\/schema\/person\/image\/"}}]}},"_links":{"self":[{"href":"https:\/\/luisapacheco.pt\/pt-pt\/wp-json\/wp\/v2\/pages\/3048","targetHints":{"allow":["GET"]}}],"collection":[{"href":"https:\/\/luisapacheco.pt\/pt-pt\/wp-json\/wp\/v2\/pages"}],"about":[{"href":"https:\/\/luisapacheco.pt\/pt-pt\/wp-json\/wp\/v2\/types\/page"}],"author":[{"embeddable":true,"href":"https:\/\/luisapacheco.pt\/pt-pt\/wp-json\/wp\/v2\/users\/1"}],"replies":[{"embeddable":true,"href":"https:\/\/luisapacheco.pt\/pt-pt\/wp-json\/wp\/v2\/comments?post=3048"}],"version-history":[{"count":13,"href":"https:\/\/luisapacheco.pt\/pt-pt\/wp-json\/wp\/v2\/pages\/3048\/revisions"}],"predecessor-version":[{"id":3277,"href":"https:\/\/luisapacheco.pt\/pt-pt\/wp-json\/wp\/v2\/pages\/3048\/revisions\/3277"}],"wp:attachment":[{"href":"https:\/\/luisapacheco.pt\/pt-pt\/wp-json\/wp\/v2\/media?parent=3048"}],"curies":[{"name":"wp","href":"https:\/\/api.w.org\/{rel}","templated":true}]}}