{"id":2636,"date":"2022-10-13T21:44:36","date_gmt":"2022-10-13T20:44:36","guid":{"rendered":"https:\/\/luisapacheco.pt\/?page_id=2636"},"modified":"2022-10-26T08:39:37","modified_gmt":"2022-10-26T07:39:37","slug":"consultoria","status":"publish","type":"page","link":"https:\/\/luisapacheco.pt\/pt-pt\/consultoria\/","title":{"rendered":"Consultoria"},"content":{"rendered":"","protected":false},"excerpt":{"rendered":"","protected":false},"author":1,"featured_media":2648,"parent":0,"menu_order":0,"comment_status":"closed","ping_status":"closed","template":"","meta":{"_acf_changed":false,"footnotes":""},"class_list":["post-2636","page","type-page","status-publish","has-post-thumbnail","hentry"],"acf":[],"yoast_head":"<!-- This site is optimized with the Yoast SEO plugin v22.8 - https:\/\/yoast.com\/wordpress\/plugins\/seo\/ -->\n<title>Consultoria | Luisa Pacheco Design<\/title>\n<meta name=\"description\" content=\"Conceber um projeto e execut\u00e1-lo s\u00e3o processos que juntam pensamento e a\u00e7\u00e3o. \u00c9 essencial criar um ambiente criativo e colaborativo.\" \/>\n<meta name=\"robots\" content=\"index, follow, max-snippet:-1, max-image-preview:large, max-video-preview:-1\" \/>\n<link rel=\"canonical\" href=\"https:\/\/luisapacheco.pt\/pt-pt\/consultoria\/\" \/>\n<meta property=\"og:locale\" content=\"pt_PT\" \/>\n<meta property=\"og:type\" content=\"article\" \/>\n<meta property=\"og:title\" content=\"Consultoria | Luisa Pacheco Design\" \/>\n<meta property=\"og:description\" content=\"Conceber um projeto e execut\u00e1-lo s\u00e3o processos que juntam pensamento e a\u00e7\u00e3o. \u00c9 essencial criar um ambiente criativo e colaborativo.\" \/>\n<meta property=\"og:url\" content=\"https:\/\/luisapacheco.pt\/pt-pt\/consultoria\/\" \/>\n<meta property=\"og:site_name\" content=\"Luisa Pacheco Design\" \/>\n<meta property=\"article:modified_time\" content=\"2022-10-26T07:39:37+00:00\" \/>\n<meta property=\"og:image\" content=\"https:\/\/luisapacheco.pt\/wp-content\/uploads\/2022\/10\/luisa-pacheco-consultoria.jpg\" \/>\n\t<meta property=\"og:image:width\" content=\"1920\" \/>\n\t<meta property=\"og:image:height\" content=\"1178\" \/>\n\t<meta property=\"og:image:type\" content=\"image\/jpeg\" \/>\n<meta name=\"twitter:card\" content=\"summary_large_image\" \/>\n<script type=\"application\/ld+json\" class=\"yoast-schema-graph\">{\"@context\":\"https:\/\/schema.org\",\"@graph\":[{\"@type\":\"WebPage\",\"@id\":\"https:\/\/luisapacheco.pt\/pt-pt\/consultoria\/\",\"url\":\"https:\/\/luisapacheco.pt\/pt-pt\/consultoria\/\",\"name\":\"Consultoria | Luisa Pacheco Design\",\"isPartOf\":{\"@id\":\"https:\/\/luisapacheco.pt\/pt-pt\/#website\"},\"primaryImageOfPage\":{\"@id\":\"https:\/\/luisapacheco.pt\/pt-pt\/consultoria\/#primaryimage\"},\"image\":{\"@id\":\"https:\/\/luisapacheco.pt\/pt-pt\/consultoria\/#primaryimage\"},\"thumbnailUrl\":\"https:\/\/luisapacheco.pt\/wp-content\/uploads\/2022\/10\/luisa-pacheco-consultoria.jpg\",\"datePublished\":\"2022-10-13T20:44:36+00:00\",\"dateModified\":\"2022-10-26T07:39:37+00:00\",\"description\":\"Conceber um projeto e execut\u00e1-lo s\u00e3o processos que juntam pensamento e a\u00e7\u00e3o. \u00c9 essencial criar um ambiente criativo e colaborativo.\",\"breadcrumb\":{\"@id\":\"https:\/\/luisapacheco.pt\/pt-pt\/consultoria\/#breadcrumb\"},\"inLanguage\":\"pt-PT\",\"potentialAction\":[{\"@type\":\"ReadAction\",\"target\":[\"https:\/\/luisapacheco.pt\/pt-pt\/consultoria\/\"]}]},{\"@type\":\"ImageObject\",\"inLanguage\":\"pt-PT\",\"@id\":\"https:\/\/luisapacheco.pt\/pt-pt\/consultoria\/#primaryimage\",\"url\":\"https:\/\/luisapacheco.pt\/wp-content\/uploads\/2022\/10\/luisa-pacheco-consultoria.jpg\",\"contentUrl\":\"https:\/\/luisapacheco.pt\/wp-content\/uploads\/2022\/10\/luisa-pacheco-consultoria.jpg\",\"width\":1920,\"height\":1178},{\"@type\":\"BreadcrumbList\",\"@id\":\"https:\/\/luisapacheco.pt\/pt-pt\/consultoria\/#breadcrumb\",\"itemListElement\":[{\"@type\":\"ListItem\",\"position\":1,\"name\":\"Home\",\"item\":\"https:\/\/luisapacheco.pt\/pt-pt\/\"},{\"@type\":\"ListItem\",\"position\":2,\"name\":\"Consultoria\"}]},{\"@type\":\"WebSite\",\"@id\":\"https:\/\/luisapacheco.pt\/pt-pt\/#website\",\"url\":\"https:\/\/luisapacheco.pt\/pt-pt\/\",\"name\":\"Luisa Pacheco Design\",\"description\":\"Design de produ\u00e7\u00e3o, direc\u00e7\u00e3o de arte, cenografia e projetos visuais\",\"publisher\":{\"@id\":\"https:\/\/luisapacheco.pt\/pt-pt\/#\/schema\/person\/794f961dc515fcec47fa628e638a8034\"},\"potentialAction\":[{\"@type\":\"SearchAction\",\"target\":{\"@type\":\"EntryPoint\",\"urlTemplate\":\"https:\/\/luisapacheco.pt\/pt-pt\/?s={search_term_string}\"},\"query-input\":\"required name=search_term_string\"}],\"inLanguage\":\"pt-PT\"},{\"@type\":[\"Person\",\"Organization\"],\"@id\":\"https:\/\/luisapacheco.pt\/pt-pt\/#\/schema\/person\/794f961dc515fcec47fa628e638a8034\",\"name\":\"luisapac\",\"image\":{\"@type\":\"ImageObject\",\"inLanguage\":\"pt-PT\",\"@id\":\"https:\/\/luisapacheco.pt\/pt-pt\/#\/schema\/person\/image\/\",\"url\":\"https:\/\/secure.gravatar.com\/avatar\/c53a96b87f331ae6ab440c25dbe3e2f6306522f2cbd9932e1e1e04dfc7154630?s=96&d=mm&r=g\",\"contentUrl\":\"https:\/\/secure.gravatar.com\/avatar\/c53a96b87f331ae6ab440c25dbe3e2f6306522f2cbd9932e1e1e04dfc7154630?s=96&d=mm&r=g\",\"caption\":\"luisapac\"},\"logo\":{\"@id\":\"https:\/\/luisapacheco.pt\/pt-pt\/#\/schema\/person\/image\/\"}}]}<\/script>\n<!-- \/ Yoast SEO plugin. -->","yoast_head_json":{"title":"Consultoria | Luisa Pacheco Design","description":"Conceber um projeto e execut\u00e1-lo s\u00e3o processos que juntam pensamento e a\u00e7\u00e3o. \u00c9 essencial criar um ambiente criativo e colaborativo.","robots":{"index":"index","follow":"follow","max-snippet":"max-snippet:-1","max-image-preview":"max-image-preview:large","max-video-preview":"max-video-preview:-1"},"canonical":"https:\/\/luisapacheco.pt\/pt-pt\/consultoria\/","og_locale":"pt_PT","og_type":"article","og_title":"Consultoria | Luisa Pacheco Design","og_description":"Conceber um projeto e execut\u00e1-lo s\u00e3o processos que juntam pensamento e a\u00e7\u00e3o. \u00c9 essencial criar um ambiente criativo e colaborativo.","og_url":"https:\/\/luisapacheco.pt\/pt-pt\/consultoria\/","og_site_name":"Luisa Pacheco Design","article_modified_time":"2022-10-26T07:39:37+00:00","og_image":[{"width":1920,"height":1178,"url":"https:\/\/luisapacheco.pt\/wp-content\/uploads\/2022\/10\/luisa-pacheco-consultoria.jpg","type":"image\/jpeg"}],"twitter_card":"summary_large_image","schema":{"@context":"https:\/\/schema.org","@graph":[{"@type":"WebPage","@id":"https:\/\/luisapacheco.pt\/pt-pt\/consultoria\/","url":"https:\/\/luisapacheco.pt\/pt-pt\/consultoria\/","name":"Consultoria | Luisa Pacheco Design","isPartOf":{"@id":"https:\/\/luisapacheco.pt\/pt-pt\/#website"},"primaryImageOfPage":{"@id":"https:\/\/luisapacheco.pt\/pt-pt\/consultoria\/#primaryimage"},"image":{"@id":"https:\/\/luisapacheco.pt\/pt-pt\/consultoria\/#primaryimage"},"thumbnailUrl":"https:\/\/luisapacheco.pt\/wp-content\/uploads\/2022\/10\/luisa-pacheco-consultoria.jpg","datePublished":"2022-10-13T20:44:36+00:00","dateModified":"2022-10-26T07:39:37+00:00","description":"Conceber um projeto e execut\u00e1-lo s\u00e3o processos que juntam pensamento e a\u00e7\u00e3o. \u00c9 essencial criar um ambiente criativo e colaborativo.","breadcrumb":{"@id":"https:\/\/luisapacheco.pt\/pt-pt\/consultoria\/#breadcrumb"},"inLanguage":"pt-PT","potentialAction":[{"@type":"ReadAction","target":["https:\/\/luisapacheco.pt\/pt-pt\/consultoria\/"]}]},{"@type":"ImageObject","inLanguage":"pt-PT","@id":"https:\/\/luisapacheco.pt\/pt-pt\/consultoria\/#primaryimage","url":"https:\/\/luisapacheco.pt\/wp-content\/uploads\/2022\/10\/luisa-pacheco-consultoria.jpg","contentUrl":"https:\/\/luisapacheco.pt\/wp-content\/uploads\/2022\/10\/luisa-pacheco-consultoria.jpg","width":1920,"height":1178},{"@type":"BreadcrumbList","@id":"https:\/\/luisapacheco.pt\/pt-pt\/consultoria\/#breadcrumb","itemListElement":[{"@type":"ListItem","position":1,"name":"Home","item":"https:\/\/luisapacheco.pt\/pt-pt\/"},{"@type":"ListItem","position":2,"name":"Consultoria"}]},{"@type":"WebSite","@id":"https:\/\/luisapacheco.pt\/pt-pt\/#website","url":"https:\/\/luisapacheco.pt\/pt-pt\/","name":"Luisa Pacheco Design","description":"Design de produ\u00e7\u00e3o, direc\u00e7\u00e3o de arte, cenografia e projetos visuais","publisher":{"@id":"https:\/\/luisapacheco.pt\/pt-pt\/#\/schema\/person\/794f961dc515fcec47fa628e638a8034"},"potentialAction":[{"@type":"SearchAction","target":{"@type":"EntryPoint","urlTemplate":"https:\/\/luisapacheco.pt\/pt-pt\/?s={search_term_string}"},"query-input":"required name=search_term_string"}],"inLanguage":"pt-PT"},{"@type":["Person","Organization"],"@id":"https:\/\/luisapacheco.pt\/pt-pt\/#\/schema\/person\/794f961dc515fcec47fa628e638a8034","name":"luisapac","image":{"@type":"ImageObject","inLanguage":"pt-PT","@id":"https:\/\/luisapacheco.pt\/pt-pt\/#\/schema\/person\/image\/","url":"https:\/\/secure.gravatar.com\/avatar\/c53a96b87f331ae6ab440c25dbe3e2f6306522f2cbd9932e1e1e04dfc7154630?s=96&d=mm&r=g","contentUrl":"https:\/\/secure.gravatar.com\/avatar\/c53a96b87f331ae6ab440c25dbe3e2f6306522f2cbd9932e1e1e04dfc7154630?s=96&d=mm&r=g","caption":"luisapac"},"logo":{"@id":"https:\/\/luisapacheco.pt\/pt-pt\/#\/schema\/person\/image\/"}}]}},"_links":{"self":[{"href":"https:\/\/luisapacheco.pt\/pt-pt\/wp-json\/wp\/v2\/pages\/2636","targetHints":{"allow":["GET"]}}],"collection":[{"href":"https:\/\/luisapacheco.pt\/pt-pt\/wp-json\/wp\/v2\/pages"}],"about":[{"href":"https:\/\/luisapacheco.pt\/pt-pt\/wp-json\/wp\/v2\/types\/page"}],"author":[{"embeddable":true,"href":"https:\/\/luisapacheco.pt\/pt-pt\/wp-json\/wp\/v2\/users\/1"}],"replies":[{"embeddable":true,"href":"https:\/\/luisapacheco.pt\/pt-pt\/wp-json\/wp\/v2\/comments?post=2636"}],"version-history":[{"count":15,"href":"https:\/\/luisapacheco.pt\/pt-pt\/wp-json\/wp\/v2\/pages\/2636\/revisions"}],"predecessor-version":[{"id":2721,"href":"https:\/\/luisapacheco.pt\/pt-pt\/wp-json\/wp\/v2\/pages\/2636\/revisions\/2721"}],"wp:featuredmedia":[{"embeddable":true,"href":"https:\/\/luisapacheco.pt\/pt-pt\/wp-json\/wp\/v2\/media\/2648"}],"wp:attachment":[{"href":"https:\/\/luisapacheco.pt\/pt-pt\/wp-json\/wp\/v2\/media?parent=2636"}],"curies":[{"name":"wp","href":"https:\/\/api.w.org\/{rel}","templated":true}]}}